{"id":11,"date":"2024-05-05T18:53:52","date_gmt":"2024-05-05T18:53:52","guid":{"rendered":"https:\/\/enfoquerh.com\/?page_id=11"},"modified":"2026-01-21T10:57:15","modified_gmt":"2026-01-21T16:57:15","slug":"inicio","status":"publish","type":"page","link":"https:\/\/enfoquerh.com\/","title":{"rendered":"Inicio"},"content":{"rendered":"\n<figure class=\"wp-block-image size-full is-resized\"><img loading=\"lazy\" decoding=\"async\" width=\"1540\" height=\"260\" src=\"https:\/\/enfoquerh.com\/wp-content\/uploads\/2025\/04\/Logo-Enfoque-RH-2025.png\" alt=\"Enfoque RH Recursos Humanos Monterrey Empleo Trabajo Monterrey\" class=\"wp-image-166\" style=\"width:358px;height:auto\" srcset=\"https:\/\/enfoquerh.com\/wp-content\/uploads\/2025\/04\/Logo-Enfoque-RH-2025.png 1540w, https:\/\/enfoquerh.com\/wp-content\/uploads\/2025\/04\/Logo-Enfoque-RH-2025-300x51.png 300w, https:\/\/enfoquerh.com\/wp-content\/uploads\/2025\/04\/Logo-Enfoque-RH-2025-1024x173.png 1024w, https:\/\/enfoquerh.com\/wp-content\/uploads\/2025\/04\/Logo-Enfoque-RH-2025-768x130.png 768w, https:\/\/enfoquerh.com\/wp-content\/uploads\/2025\/04\/Logo-Enfoque-RH-2025-1536x259.png 1536w\" sizes=\"auto, (max-width: 1540px) 100vw, 1540px\" \/><\/figure>\n\n\n\n<div class=\"wp-block-cover alignfull\" style=\"min-height:720px;aspect-ratio:unset;\"><img loading=\"lazy\" decoding=\"async\" width=\"1969\" height=\"700\" class=\"wp-block-cover__image-background wp-image-159\" alt=\"\" src=\"https:\/\/enfoquerh.com\/wp-content\/uploads\/2025\/02\/1-Enfoque-Rh-Monterrey-Empleos-Recursos-Humanos-Empleo-Trabajo.jpg\" data-object-fit=\"cover\" srcset=\"https:\/\/enfoquerh.com\/wp-content\/uploads\/2025\/02\/1-Enfoque-Rh-Monterrey-Empleos-Recursos-Humanos-Empleo-Trabajo.jpg 1969w, https:\/\/enfoquerh.com\/wp-content\/uploads\/2025\/02\/1-Enfoque-Rh-Monterrey-Empleos-Recursos-Humanos-Empleo-Trabajo-300x107.jpg 300w, https:\/\/enfoquerh.com\/wp-content\/uploads\/2025\/02\/1-Enfoque-Rh-Monterrey-Empleos-Recursos-Humanos-Empleo-Trabajo-1024x364.jpg 1024w, https:\/\/enfoquerh.com\/wp-content\/uploads\/2025\/02\/1-Enfoque-Rh-Monterrey-Empleos-Recursos-Humanos-Empleo-Trabajo-768x273.jpg 768w, https:\/\/enfoquerh.com\/wp-content\/uploads\/2025\/02\/1-Enfoque-Rh-Monterrey-Empleos-Recursos-Humanos-Empleo-Trabajo-1536x546.jpg 1536w\" sizes=\"auto, (max-width: 1969px) 100vw, 1969px\" \/><span aria-hidden=\"true\" class=\"wp-block-cover__background has-ast-global-color-5-background-color has-background-dim\"><\/span><div class=\"wp-block-cover__inner-container is-layout-flow wp-container-core-cover-is-layout-8a368f38 wp-block-cover-is-layout-flow\">\n<div class=\"inherit-container-width wp-block-group alignwide is-layout-constrained wp-block-group-is-layout-constrained\">\n<div class=\"wp-block-media-text alignwide has-media-on-the-right is-stacked-on-mobile is-vertically-aligned-center\" style=\"grid-template-columns:auto 45%\"><div class=\"wp-block-media-text__content\">\n<p class=\"has-ast-global-color-3-color has-text-color has-link-color has-medium-font-size wp-elements-5c170c79f570a002d78d3de393a11e07\">Soluciones y estrategias para<\/p>\n\n\n\n<h1 class=\"wp-block-heading has-text-align-left has-text-color\" style=\"color:#192b3e\"><strong>Capital<\/strong><br><strong>Humano<\/strong><\/h1>\n\n\n\n<div class=\"wp-block-buttons is-layout-flex wp-block-buttons-is-layout-flex\">\n<div class=\"wp-block-button\"><a class=\"wp-block-button__link wp-element-button\" href=\"#\">Busco Candidatos<\/a><\/div>\n<\/div>\n<\/div><figure class=\"wp-block-media-text__media\"><img loading=\"lazy\" decoding=\"async\" width=\"800\" height=\"800\" src=\"https:\/\/enfoquerh.com\/wp-content\/uploads\/2025\/02\/1-Enfoque-Rh-Monterrey-Recursos-Humanos-Empleo-Trabajo-1.png\" alt=\"\" class=\"wp-image-155 size-full\" srcset=\"https:\/\/enfoquerh.com\/wp-content\/uploads\/2025\/02\/1-Enfoque-Rh-Monterrey-Recursos-Humanos-Empleo-Trabajo-1.png 800w, https:\/\/enfoquerh.com\/wp-content\/uploads\/2025\/02\/1-Enfoque-Rh-Monterrey-Recursos-Humanos-Empleo-Trabajo-1-300x300.png 300w, https:\/\/enfoquerh.com\/wp-content\/uploads\/2025\/02\/1-Enfoque-Rh-Monterrey-Recursos-Humanos-Empleo-Trabajo-1-150x150.png 150w, https:\/\/enfoquerh.com\/wp-content\/uploads\/2025\/02\/1-Enfoque-Rh-Monterrey-Recursos-Humanos-Empleo-Trabajo-1-768x768.png 768w\" sizes=\"auto, (max-width: 800px) 100vw, 800px\" \/><\/figure><\/div>\n<\/div>\n<\/div><\/div>\n\n\n\n<div class=\"wp-block-group alignfull has-ast-global-color-5-background-color has-background is-layout-constrained wp-container-core-group-is-layout-9cedb757 wp-block-group-is-layout-constrained\" style=\"padding-bottom:0px;background-image:url(&apos;https:\/\/enfoquerh.com\/wp-content\/uploads\/2025\/02\/Enfoque-Rh-Monterrey-Empleos-Recursos-Humanos-Empleo-Trabajo-1.jpg&apos;);background-size:cover;\">\n<h2 class=\"wp-block-heading has-text-align-center\">Los servicios m\u00e1s solicitados<br>en el Estado de Nuevo Le\u00f3n<\/h2>\n\n\n\n<div class=\"wp-block-columns are-vertically-aligned-top is-layout-flex wp-container-core-columns-is-layout-00723822 wp-block-columns-is-layout-flex\">\n<div class=\"wp-block-column is-vertically-aligned-top is-layout-flow wp-container-core-column-is-layout-6b73ce23 wp-block-column-is-layout-flow\">\n<figure class=\"wp-block-image aligncenter size-full is-resized\"><img loading=\"lazy\" decoding=\"async\" width=\"100\" height=\"100\" src=\"https:\/\/enfoquerh.com\/wp-content\/uploads\/2025\/02\/Desarrollo-Organizacional-Desarrollo-Organizacional-icono.png\" alt=\"\" class=\"wp-image-38\" style=\"aspect-ratio:1;object-fit:cover;width:50px\"\/><\/figure>\n\n\n\n<h3 class=\"wp-block-heading has-text-align-center has-text-color has-link-color has-medium-font-size wp-elements-e92af7a90aa344ebdd069073825b68b0\" style=\"color:#fdad00;margin-top:16px\">Desarrollo<br>Organizacional<\/h3>\n\n\n\n<p class=\"has-text-align-center\">Mejora continua y optimizaci\u00f3n del capital humano.<\/p>\n<\/div>\n\n\n\n<div class=\"wp-block-column is-vertically-aligned-top is-layout-flow wp-container-core-column-is-layout-6b73ce23 wp-block-column-is-layout-flow\">\n<figure class=\"wp-block-image aligncenter size-full is-resized\"><img loading=\"lazy\" decoding=\"async\" width=\"100\" height=\"100\" src=\"https:\/\/enfoquerh.com\/wp-content\/uploads\/2025\/02\/Reclutamiento-Desarrollo-Organizacional-icono.png\" alt=\"\" class=\"wp-image-35\" style=\"width:50px\"\/><\/figure>\n\n\n\n<h3 class=\"wp-block-heading has-text-align-center has-text-color has-link-color has-medium-font-size wp-elements-4047f22f5536f29e77b6138e3128151d\" style=\"color:#fdad00;margin-top:16px\">Reclutamiento<\/h3>\n\n\n\n<p class=\"has-text-align-center\">Filtraci\u00f3n y selecci\u00f3n de los mejores candidatos para tu empresa.<\/p>\n<\/div>\n\n\n\n<div class=\"wp-block-column is-vertically-aligned-top is-layout-flow wp-container-core-column-is-layout-6b73ce23 wp-block-column-is-layout-flow\">\n<figure class=\"wp-block-image aligncenter size-full is-resized\"><img loading=\"lazy\" decoding=\"async\" width=\"100\" height=\"100\" src=\"https:\/\/enfoquerh.com\/wp-content\/uploads\/2025\/02\/Capacitacion-Desarrollo-Organizacional-icono.png\" alt=\"\" class=\"wp-image-37\" style=\"width:50px\"\/><\/figure>\n\n\n\n<h3 class=\"wp-block-heading has-text-align-center has-text-color has-link-color has-medium-font-size wp-elements-9b6016393afa2200b5c4a08afd1652c4\" style=\"color:#fdad00;margin-top:16px\">Capacitaci\u00f3n<\/h3>\n\n\n\n<p class=\"has-text-align-center\">Detecci\u00f3n de las necesidades de capacitaci\u00f3n y brindar la misma.<\/p>\n<\/div>\n\n\n\n<div class=\"wp-block-column is-vertically-aligned-top is-layout-flow wp-container-core-column-is-layout-6b73ce23 wp-block-column-is-layout-flow\">\n<figure class=\"wp-block-image aligncenter size-full is-resized\"><img loading=\"lazy\" decoding=\"async\" width=\"100\" height=\"100\" src=\"https:\/\/enfoquerh.com\/wp-content\/uploads\/2025\/02\/Procesos-Desarrollo-Organizacional-icono.png\" alt=\"\" class=\"wp-image-36\" style=\"width:50px\"\/><\/figure>\n\n\n\n<h3 class=\"wp-block-heading has-text-align-center has-text-color has-link-color has-medium-font-size wp-elements-fa16973921018ed0c31d75b5d4747b70\" style=\"color:#fdad00;margin-top:16px\">Procesos<br>Internos<\/h3>\n\n\n\n<p class=\"has-text-align-center\">Mejorar y hacer m\u00e1s eficaz la interacci\u00f3n de cada puesto.<\/p>\n<\/div>\n<\/div>\n<\/div>\n\n\n\n<div class=\"wp-block-group alignfull is-layout-constrained wp-container-core-group-is-layout-45b0ac4f wp-block-group-is-layout-constrained\" id=\"services\" style=\"padding-top:144px;padding-bottom:0px\">\n<h2 class=\"wp-block-heading has-text-align-center\">Los servicios m\u00e1s solicitados<br>por nuestros clientes<\/h2>\n\n\n\n<div class=\"wp-block-columns is-layout-flex wp-container-core-columns-is-layout-60cbf9bb wp-block-columns-is-layout-flex\" style=\"margin-top:50px\">\n<div class=\"wp-block-column is-layout-flow wp-container-core-column-is-layout-6b73ce23 wp-block-column-is-layout-flow\">\n<figure class=\"wp-block-image size-full\"><img loading=\"lazy\" decoding=\"async\" width=\"550\" height=\"700\" src=\"https:\/\/enfoquerh.com\/wp-content\/uploads\/2025\/02\/Reclutamiento-Monterrey-Enfoque-RH.jpg\" alt=\"Reclutamiento Monterrey Enfoque RH\" class=\"wp-image-58\" srcset=\"https:\/\/enfoquerh.com\/wp-content\/uploads\/2025\/02\/Reclutamiento-Monterrey-Enfoque-RH.jpg 550w, https:\/\/enfoquerh.com\/wp-content\/uploads\/2025\/02\/Reclutamiento-Monterrey-Enfoque-RH-236x300.jpg 236w\" sizes=\"auto, (max-width: 550px) 100vw, 550px\" \/><\/figure>\n\n\n\n<h3 class=\"wp-block-heading has-text-align-center\" style=\"margin-top:16px\">Reclutamiento<\/h3>\n\n\n\n<p class=\"has-text-align-center\">Filtraci\u00f3n, investigaci\u00f3n y selecci\u00f3n de los candidatos m\u00e1s apegados al perfil de puesto que est\u00e1 vacante  con una garant\u00eda de reemplazo sin costo.<\/p>\n<\/div>\n\n\n\n<div class=\"wp-block-column is-layout-flow wp-container-core-column-is-layout-6b73ce23 wp-block-column-is-layout-flow\">\n<figure class=\"wp-block-image size-full\"><img loading=\"lazy\" decoding=\"async\" width=\"550\" height=\"700\" src=\"https:\/\/enfoquerh.com\/wp-content\/uploads\/2025\/02\/Capacitacion-de-personal-Cursos-Monterrey-Enfoque-RH.jpg\" alt=\"Capacitaci\u00f3n de personal Cursos Monterrey Enfoque RH.jpg\" class=\"wp-image-60\" srcset=\"https:\/\/enfoquerh.com\/wp-content\/uploads\/2025\/02\/Capacitacion-de-personal-Cursos-Monterrey-Enfoque-RH.jpg 550w, https:\/\/enfoquerh.com\/wp-content\/uploads\/2025\/02\/Capacitacion-de-personal-Cursos-Monterrey-Enfoque-RH-236x300.jpg 236w\" sizes=\"auto, (max-width: 550px) 100vw, 550px\" \/><\/figure>\n\n\n\n<h3 class=\"wp-block-heading has-text-align-center\" style=\"margin-top:16px\">Capacitaci\u00f3n<\/h3>\n\n\n\n<p class=\"has-text-align-center\">Diagn\u00f3stico de necesidades de capacitaci\u00f3n para fortalecer las \u00e1reas de oportunidad en los procesos internos o los puestos a evaluar.<\/p>\n<\/div>\n\n\n\n<div class=\"wp-block-column is-layout-flow wp-container-core-column-is-layout-6b73ce23 wp-block-column-is-layout-flow\">\n<figure class=\"wp-block-image size-full\"><img loading=\"lazy\" decoding=\"async\" width=\"550\" height=\"700\" src=\"https:\/\/enfoquerh.com\/wp-content\/uploads\/2025\/02\/Desarrollo-organizacional-Procesos-Estrategias-Monterrey-Enfoque-RH.jpg\" alt=\"Desarrollo organizacional Procesos Estrategias Monterrey Enfoque RH\" class=\"wp-image-62\" srcset=\"https:\/\/enfoquerh.com\/wp-content\/uploads\/2025\/02\/Desarrollo-organizacional-Procesos-Estrategias-Monterrey-Enfoque-RH.jpg 550w, https:\/\/enfoquerh.com\/wp-content\/uploads\/2025\/02\/Desarrollo-organizacional-Procesos-Estrategias-Monterrey-Enfoque-RH-236x300.jpg 236w\" sizes=\"auto, (max-width: 550px) 100vw, 550px\" \/><\/figure>\n\n\n\n<h3 class=\"wp-block-heading has-text-align-center\" style=\"margin-top:16px\">Desarrollo Organizacional<\/h3>\n\n\n\n<p class=\"has-text-align-center\">Nos enfocamos en mejorar el rendimiento del capital humano a trav\u00e9s de estrategias hechas a la medida de tu empresa.<\/p>\n<\/div>\n<\/div>\n\n\n\n<p class=\"has-text-align-center\"><br><br><br><mark style=\"background-color:rgba(0, 0, 0, 0)\" class=\"has-inline-color has-ast-global-color-1-color\">Descarga nuestra presentaci\u00f3n con todos los servicios de <strong>Recursos Humanos<\/strong><br>que podemos implementar en tu empresa.<\/mark><\/p>\n\n\n\n<div class=\"wp-block-buttons is-content-justification-center is-layout-flex wp-container-core-buttons-is-layout-a89b3969 wp-block-buttons-is-layout-flex\">\n<div class=\"wp-block-button is-style-fill\"><a class=\"wp-block-button__link has-text-align-center wp-element-button\" href=\"https:\/\/enfoquerh.com\/wp-content\/uploads\/2026\/01\/Nuestros-Servicios-Enfoque-RH.pdf\" target=\"_blank\" rel=\"noreferrer noopener\">Nuestros Servicios<\/a><\/div>\n<\/div>\n<\/div>\n\n\n\n<div class=\"wp-block-group alignfull has-ast-global-color-5-background-color has-background is-layout-constrained wp-container-core-group-is-layout-94d206d0 wp-block-group-is-layout-constrained\" id=\"about\" style=\"padding-top:143px;padding-bottom:144px\">\n<div class=\"wp-block-media-text has-media-on-the-right is-stacked-on-mobile is-vertically-aligned-center\"><div class=\"wp-block-media-text__content\">\n<div class=\"inherit-container-width wp-block-group is-layout-constrained wp-container-core-group-is-layout-47ce07ec wp-block-group-is-layout-constrained\" style=\"padding-right:80px\">\n<h2 class=\"wp-block-heading\" style=\"padding-right:40px\">Acerca de nosotros<\/h2>\n\n\n\n<p>Somos una empresa 100% regiomontana que nace al ver la necesidad de ofrecer servicios de calidad con altos est\u00e1ndares y profesionalismo en el \u00e1rea de <strong>Recursos Humanos<\/strong> para las empresas.<\/p>\n\n\n\n<p>Nuestro inicio remonta al a\u00f1o 2015 y surge por la necesidad de ser un complemento y soporte a los departamentos de <strong>Recursos Humanos<\/strong> en las empresas del \u00e1rea metropolitana de Monterrey.<\/p>\n\n\n\n<p>Brindamos servicios a Emprendedores, Micro empresas, PYMES y Macro Empresas teniendo un amplia gama de cartera de clientes en distintos giros y en diversos estados de la Rep\u00fablica Mexicana y actualmente incursionando en Estados Unidos y Canad\u00e1.<\/p>\n\n\n\n<p>Nos gustar\u00eda aportar al crecimiento y desarrollo de tu negocio, \u00a1Cont\u00e1ctanos!<\/p>\n<\/div>\n<\/div><figure class=\"wp-block-media-text__media\"><img loading=\"lazy\" decoding=\"async\" width=\"800\" height=\"1000\" src=\"https:\/\/enfoquerh.com\/wp-content\/uploads\/2025\/02\/Recursos-Humanos-Monterrey-Reclutamiento.png\" alt=\"\" class=\"wp-image-87 size-full\" srcset=\"https:\/\/enfoquerh.com\/wp-content\/uploads\/2025\/02\/Recursos-Humanos-Monterrey-Reclutamiento.png 800w, https:\/\/enfoquerh.com\/wp-content\/uploads\/2025\/02\/Recursos-Humanos-Monterrey-Reclutamiento-240x300.png 240w, https:\/\/enfoquerh.com\/wp-content\/uploads\/2025\/02\/Recursos-Humanos-Monterrey-Reclutamiento-768x960.png 768w\" sizes=\"auto, (max-width: 800px) 100vw, 800px\" \/><\/figure><\/div>\n<\/div>\n\n\n\n<div class=\"wp-block-group alignfull has-ast-global-color-4-background-color has-background is-layout-constrained wp-container-core-group-is-layout-6a2cfb7b wp-block-group-is-layout-constrained\" id=\"reviews\">\n<figure class=\"wp-block-image aligncenter size-full\"><img loading=\"lazy\" decoding=\"async\" width=\"1181\" height=\"197\" src=\"https:\/\/enfoquerh.com\/wp-content\/uploads\/2025\/02\/Recursos-Humanos-Monterrey-Reclutamiento-Enfoque-RH-1.png\" alt=\"Recursos Humanos Monterrey Reclutamiento Enfoque RH\" class=\"wp-image-95\" srcset=\"https:\/\/enfoquerh.com\/wp-content\/uploads\/2025\/02\/Recursos-Humanos-Monterrey-Reclutamiento-Enfoque-RH-1.png 1181w, https:\/\/enfoquerh.com\/wp-content\/uploads\/2025\/02\/Recursos-Humanos-Monterrey-Reclutamiento-Enfoque-RH-1-300x50.png 300w, https:\/\/enfoquerh.com\/wp-content\/uploads\/2025\/02\/Recursos-Humanos-Monterrey-Reclutamiento-Enfoque-RH-1-1024x171.png 1024w, https:\/\/enfoquerh.com\/wp-content\/uploads\/2025\/02\/Recursos-Humanos-Monterrey-Reclutamiento-Enfoque-RH-1-768x128.png 768w\" sizes=\"auto, (max-width: 1181px) 100vw, 1181px\" \/><\/figure>\n\n\n\n<p class=\"has-text-align-center has-text-color has-link-color wp-elements-0beeac49016a3036d57702ddc7b57784\" style=\"color:#01273c;font-size:22px;line-height:1.4\">Contamos con amplia experiencia en distintos giros de negocio a quienes brindamos nuestros servicios desde el a\u00f1o 2014.<\/p>\n\n\n\n<p><\/p>\n\n\n\n<p class=\"has-text-align-center\"><strong>Construcci\u00f3n &#8211; Metal-Mec\u00e1nico &#8211; Industrial &#8211; Escuelas Privadas &#8211; Marketing<\/strong><br><strong>Ferretero &#8211; Despachos &#8211; Manufactura &#8211; Administraci\u00f3n de Edificios<\/strong><br><strong>Despachos &#8211; Restaurantes &#8211; Marketing &#8211; Entretenimiento &#8211; Sector Salud<\/strong><\/p>\n<\/div>\n\n\n\n<div class=\"wp-block-group alignfull is-layout-constrained wp-container-core-group-is-layout-3fee123f wp-block-group-is-layout-constrained has-background\" id=\"whyus\" style=\"padding-top:144px;padding-bottom:144px;background-image:url(&apos;https:\/\/enfoquerh.com\/wp-content\/uploads\/2025\/02\/Recursos-Humanos-en-Monterrey-Empleos.jpg&apos;);background-size:cover;\">\n<h2 class=\"wp-block-heading has-text-align-center\">Construyamos juntos el negocio<br>de tus sue\u00f1os<\/h2>\n\n\n\n<div class=\"wp-block-columns is-layout-flex wp-container-core-columns-is-layout-29aadeec wp-block-columns-is-layout-flex\" style=\"margin-top:60px\">\n<div class=\"wp-block-column is-layout-flow wp-container-core-column-is-layout-6b73ce23 wp-block-column-is-layout-flow\">\n<figure class=\"wp-block-image size-full is-resized\"><img loading=\"lazy\" decoding=\"async\" width=\"150\" height=\"150\" src=\"https:\/\/enfoquerh.com\/wp-content\/uploads\/2026\/01\/Honestidad-1.png\" alt=\"\" class=\"wp-image-186\" style=\"width:63px;height:auto\"\/><\/figure>\n\n\n\n<h3 class=\"wp-block-heading\" style=\"margin-top:16px\">Honestidad<\/h3>\n\n\n\n<p>Evaluamos, comunicamos y actuamos con transparencia, \u00e9tica y verdad. Eso mismo transmitimos al <strong>Capital Humano<\/strong> de tu organizaci\u00f3n.<\/p>\n<\/div>\n\n\n\n<div class=\"wp-block-column is-layout-flow wp-container-core-column-is-layout-6b73ce23 wp-block-column-is-layout-flow\">\n<figure class=\"wp-block-image size-full is-resized\"><img loading=\"lazy\" decoding=\"async\" width=\"150\" height=\"150\" src=\"https:\/\/enfoquerh.com\/wp-content\/uploads\/2026\/01\/Profesional-1.png\" alt=\"\" class=\"wp-image-185\" style=\"width:63px;height:auto\"\/><\/figure>\n\n\n\n<h3 class=\"wp-block-heading\" style=\"margin-top:16px\">Profesional<\/h3>\n\n\n\n<p>Implementemos las mejores estrategias para que el <strong>recurso humano<\/strong> sea m\u00e1s eficiente y cumpla con el objetivo de hacer de tu empresa un lugar exitoso.<\/p>\n<\/div>\n\n\n\n<div class=\"wp-block-column is-layout-flow wp-container-core-column-is-layout-6b73ce23 wp-block-column-is-layout-flow\">\n<figure class=\"wp-block-image size-full is-resized\"><img loading=\"lazy\" decoding=\"async\" width=\"150\" height=\"150\" src=\"https:\/\/enfoquerh.com\/wp-content\/uploads\/2026\/01\/Engrane-2.png\" alt=\"\" class=\"wp-image-188\" style=\"width:63px;height:auto\"\/><\/figure>\n\n\n\n<h3 class=\"wp-block-heading\" style=\"margin-top:16px\">Soporte<\/h3>\n\n\n\n<p>Recuerda que estaremos contigo durante todo el <strong>proceso de mejora<\/strong> asesorando y dando soporte en las \u00e1reas que as\u00ed se requiera.<\/p>\n<\/div>\n<\/div>\n<\/div>\n\n\n\n<div class=\"wp-block-group alignfull has-midnight-gradient-background has-background is-content-justification-center is-layout-constrained wp-container-core-group-is-layout-afe55ca0 wp-block-group-is-layout-constrained\" id=\"contact\" style=\"padding-top:104px;padding-bottom:104px\">\n<h2 class=\"wp-block-heading has-text-align-center has-text-color\" style=\"color:#ffffff;font-size:45px\">\u00a1Queremos ayudarte!<\/h2>\n\n\n\n<p class=\"has-text-align-center\"><strong><mark style=\"background-color:rgba(0, 0, 0, 0);color:#ffffff\" class=\"has-inline-color\">ENFOQUE RH<\/mark><\/strong><br><mark style=\"background-color:rgba(0, 0, 0, 0)\" class=\"has-inline-color has-ast-global-color-6-color\">Soluciones y estrategias para <strong>Capital Humano<\/strong><\/mark><\/p>\n\n\n\n<p class=\"has-text-align-center\"><br><mark style=\"background-color:rgba(0, 0, 0, 0)\" class=\"has-inline-color has-ast-global-color-5-color\">San Nicol\u00e1s de los Garza, Nuevo Le\u00f3n, M\u00e9xico<br><\/mark><mark style=\"background-color:rgba(0, 0, 0, 0)\" class=\"has-inline-color has-ast-global-color-7-color\">Lunes a Viernes: 9:00am &#8211; 6:00pm<\/mark><\/p>\n\n\n\n<p class=\"has-text-align-center\"><mark style=\"background-color:rgba(0, 0, 0, 0)\" class=\"has-inline-color has-ast-global-color-7-color\">contacto@enfoquerh.com<\/mark><\/p>\n\n\n\n<div class=\"wp-block-buttons alignwide is-horizontal is-content-justification-center is-layout-flex wp-container-core-buttons-is-layout-bba8380a wp-block-buttons-is-layout-flex\" style=\"margin-top:50px\">\n<div class=\"wp-block-button\"><a class=\"wp-block-button__link wp-element-button\">Make a Website<\/a><\/div>\n<\/div>\n\n\n\n<p class=\"has-text-align-center has-ast-global-color-6-color has-text-color has-link-color has-small-font-size wp-elements-a7b5fcf12fb5ab8a7ea0a60ec6be47ac\"><em><a href=\"https:\/\/enfoquerh.com\/wp-content\/uploads\/2026\/01\/Aviso-de-Privacidad-integral-Enfoque-RH.pdf\" data-type=\"page\" data-id=\"2\" target=\"_blank\" rel=\"noreferrer noopener\"><mark style=\"background-color:rgba(0, 0, 0, 0)\" class=\"has-inline-color has-ast-global-color-5-color\">Aviso de Privacidad<\/mark><\/a><\/em><\/p>\n<\/div>\n\n\n\n<p><\/p>\n","protected":false},"excerpt":{"rendered":"<p>Los servicios m\u00e1s solicitadosen el Estado de Nuevo Le\u00f3n DesarrolloOrganizacional Mejora continua y optimizaci\u00f3n del capital humano. Reclutamiento Filtraci\u00f3n y [&hellip;]<\/p>\n","protected":false},"author":1,"featured_media":0,"parent":0,"menu_order":0,"comment_status":"closed","ping_status":"closed","template":"","meta":{"site-sidebar-layout":"no-sidebar","site-content-layout":"plain-container","ast-site-content-layout":"","site-content-style":"default","site-sidebar-style":"default","ast-global-header-display":"","ast-banner-title-visibility":"","ast-main-header-display":"","ast-hfb-above-header-display":"","ast-hfb-below-header-display":"","ast-hfb-mobile-header-display":"","site-post-title":"disabled","ast-breadcrumbs-content":"","ast-featured-img":"","footer-sml-layout":"","theme-transparent-header-meta":"enabled","adv-header-id-meta":"","stick-header-meta":"","header-above-stick-meta":"","header-main-stick-meta":"","header-below-stick-meta":"","astra-migrate-meta-layouts":"default","ast-page-background-enabled":"default","ast-page-background-meta":{"desktop":{"background-color":"var(--ast-global-color-4)","background-image":"","background-repeat":"repeat","background-position":"center center","background-size":"auto","background-attachment":"scroll","background-type":"","background-media":"","overlay-type":"","overlay-color":"","overlay-opacity":"","overlay-gradient":""},"tablet":{"background-color":"","background-image":"","background-repeat":"repeat","background-position":"center center","background-size":"auto","background-attachment":"scroll","background-type":"","background-media":"","overlay-type":"","overlay-color":"","overlay-opacity":"","overlay-gradient":""},"mobile":{"background-color":"","background-image":"","background-repeat":"repeat","background-position":"center center","background-size":"auto","background-attachment":"scroll","background-type":"","background-media":"","overlay-type":"","overlay-color":"","overlay-opacity":"","overlay-gradient":""}},"ast-content-background-meta":{"desktop":{"background-color":"var(--ast-global-color-5)","background-image":"","background-repeat":"repeat","background-position":"center center","background-size":"auto","background-attachment":"scroll","background-type":"","background-media":"","overlay-type":"","overlay-color":"","overlay-opacity":"","overlay-gradient":""},"tablet":{"background-color":"var(--ast-global-color-5)","background-image":"","background-repeat":"repeat","background-position":"center center","background-size":"auto","background-attachment":"scroll","background-type":"","background-media":"","overlay-type":"","overlay-color":"","overlay-opacity":"","overlay-gradient":""},"mobile":{"background-color":"var(--ast-global-color-5)","background-image":"","background-repeat":"repeat","background-position":"center center","background-size":"auto","background-attachment":"scroll","background-type":"","background-media":"","overlay-type":"","overlay-color":"","overlay-opacity":"","overlay-gradient":""}},"footnotes":""},"class_list":["post-11","page","type-page","status-publish","hentry"],"_links":{"self":[{"href":"https:\/\/enfoquerh.com\/index.php?rest_route=\/wp\/v2\/pages\/11","targetHints":{"allow":["GET"]}}],"collection":[{"href":"https:\/\/enfoquerh.com\/index.php?rest_route=\/wp\/v2\/pages"}],"about":[{"href":"https:\/\/enfoquerh.com\/index.php?rest_route=\/wp\/v2\/types\/page"}],"author":[{"embeddable":true,"href":"https:\/\/enfoquerh.com\/index.php?rest_route=\/wp\/v2\/users\/1"}],"replies":[{"embeddable":true,"href":"https:\/\/enfoquerh.com\/index.php?rest_route=%2Fwp%2Fv2%2Fcomments&post=11"}],"version-history":[{"count":73,"href":"https:\/\/enfoquerh.com\/index.php?rest_route=\/wp\/v2\/pages\/11\/revisions"}],"predecessor-version":[{"id":201,"href":"https:\/\/enfoquerh.com\/index.php?rest_route=\/wp\/v2\/pages\/11\/revisions\/201"}],"wp:attachment":[{"href":"https:\/\/enfoquerh.com\/index.php?rest_route=%2Fwp%2Fv2%2Fmedia&parent=11"}],"curies":[{"name":"wp","href":"https:\/\/api.w.org\/{rel}","templated":true}]}}